{"id":1318,"date":"2021-11-21T15:12:46","date_gmt":"2021-11-21T15:12:46","guid":{"rendered":"https:\/\/www.angkorgrill.ca\/home\/"},"modified":"2025-09-19T20:10:20","modified_gmt":"2025-09-19T20:10:20","slug":"home","status":"publish","type":"page","link":"https:\/\/www.angkorgrill.ca\/","title":{"rendered":"Home"},"content":{"rendered":"\t\t<div data-elementor-type=\"wp-page\" data-elementor-id=\"1318\" class=\"elementor elementor-1318\">\n\t\t\t\t\t\t<section class=\"elementor-section elementor-top-section elementor-element elementor-element-ca7541c elementor-section-height-min-height elementor-section-boxed elementor-section-height-default elementor-section-items-middle\" data-id=\"ca7541c\" data-element_type=\"section\" data-settings=\"{&quot;background_background&quot;:&quot;classic&quot;}\">\n\t\t\t\t\t\t\t<div class=\"elementor-background-overlay\"><\/div>\n\t\t\t\t\t\t\t<div class=\"elementor-container elementor-column-gap-default\">\n\t\t\t\t\t<div class=\"elementor-column elementor-col-100 elementor-top-column elementor-element elementor-element-be10890\" data-id=\"be10890\" data-element_type=\"column\">\n\t\t\t<div class=\"elementor-widget-wrap elementor-element-populated\">\n\t\t\t\t\t\t<div class=\"elementor-element elementor-element-b16781d elementor-widget elementor-widget-heading\" data-id=\"b16781d\" data-element_type=\"widget\" data-widget_type=\"heading.default\">\n\t\t\t\t<div class=\"elementor-widget-container\">\n\t\t\t\t\t<h2 class=\"elementor-heading-title elementor-size-default\">SP\u00c9CIALIT\u00c9 CUISINE<br>CAMBODGIENNE<br>ET THA\u00cfLANDAISE<\/h2>\t\t\t\t<\/div>\n\t\t\t\t<\/div>\n\t\t\t\t<div class=\"elementor-element elementor-element-ffe4386 elementor-widget elementor-widget-text-editor\" data-id=\"ffe4386\" data-element_type=\"widget\" data-widget_type=\"text-editor.default\">\n\t\t\t\t<div class=\"elementor-widget-container\">\n\t\t\t\t\t\t\t\t\t<p>Venez d\u00e9guster des repas de haute qualit\u00e9 pr\u00e9par\u00e9s sur commande<\/p><p>Toujours bon toujours frais<\/p>\t\t\t\t\t\t\t\t<\/div>\n\t\t\t\t<\/div>\n\t\t\t\t\t<\/div>\n\t\t<\/div>\n\t\t\t\t\t<\/div>\n\t\t<\/section>\n\t\t\t\t<section class=\"elementor-section elementor-top-section elementor-element elementor-element-d67b800 elementor-section-boxed elementor-section-height-default elementor-section-height-default\" data-id=\"d67b800\" data-element_type=\"section\" data-settings=\"{&quot;background_background&quot;:&quot;classic&quot;}\">\n\t\t\t\t\t\t<div class=\"elementor-container elementor-column-gap-default\">\n\t\t\t\t\t<div class=\"elementor-column elementor-col-100 elementor-top-column elementor-element elementor-element-c3b0256\" data-id=\"c3b0256\" data-element_type=\"column\">\n\t\t\t<div class=\"elementor-widget-wrap elementor-element-populated\">\n\t\t\t\t\t\t<div class=\"elementor-element elementor-element-b598fce elementor-widget elementor-widget-image-gallery\" data-id=\"b598fce\" data-element_type=\"widget\" data-widget_type=\"image-gallery.default\">\n\t\t\t\t<div class=\"elementor-widget-container\">\n\t\t\t\t\t\t\t<div class=\"elementor-image-gallery\">\n\t\t\t<div id='gallery-1' class='gallery galleryid-1318 gallery-columns-4 gallery-size-2048x2048'><figure class='gallery-item'>\n\t\t\t<div class='gallery-icon landscape'>\n\t\t\t\t<a data-elementor-open-lightbox=\"yes\" data-elementor-lightbox-slideshow=\"b598fce\" data-elementor-lightbox-title=\"ANGKOR-GRILL_TV1_6-2024\" data-e-action-hash=\"#elementor-action%3Aaction%3Dlightbox%26settings%3DeyJpZCI6MTQ3NCwidXJsIjoiaHR0cHM6XC9cL3d3dy5hbmdrb3JncmlsbC5jYVwvd3AtY29udGVudFwvdXBsb2Fkc1wvMjAyNFwvMDdcL0FOR0tPUi1HUklMTF9UVjFfNi0yMDI0LXNjYWxlZC5qcGciLCJzbGlkZXNob3ciOiJiNTk4ZmNlIn0%3D\" href='https:\/\/www.angkorgrill.ca\/wp-content\/uploads\/2024\/07\/ANGKOR-GRILL_TV1_6-2024-scaled.jpg'><img fetchpriority=\"high\" decoding=\"async\" width=\"2048\" height=\"1152\" src=\"https:\/\/www.angkorgrill.ca\/wp-content\/uploads\/2024\/07\/ANGKOR-GRILL_TV1_6-2024-2048x1152.jpg\" class=\"attachment-2048x2048 size-2048x2048\" alt=\"\" srcset=\"https:\/\/www.angkorgrill.ca\/wp-content\/uploads\/2024\/07\/ANGKOR-GRILL_TV1_6-2024-2048x1152.jpg 2048w, https:\/\/www.angkorgrill.ca\/wp-content\/uploads\/2024\/07\/ANGKOR-GRILL_TV1_6-2024-300x169.jpg 300w, https:\/\/www.angkorgrill.ca\/wp-content\/uploads\/2024\/07\/ANGKOR-GRILL_TV1_6-2024-1024x576.jpg 1024w, https:\/\/www.angkorgrill.ca\/wp-content\/uploads\/2024\/07\/ANGKOR-GRILL_TV1_6-2024-768x432.jpg 768w, https:\/\/www.angkorgrill.ca\/wp-content\/uploads\/2024\/07\/ANGKOR-GRILL_TV1_6-2024-1536x864.jpg 1536w\" sizes=\"(max-width: 2048px) 100vw, 2048px\" \/><\/a>\n\t\t\t<\/div><\/figure><figure class='gallery-item'>\n\t\t\t<div class='gallery-icon landscape'>\n\t\t\t\t<a data-elementor-open-lightbox=\"yes\" data-elementor-lightbox-slideshow=\"b598fce\" data-elementor-lightbox-title=\"ANGKOR-GRILL_TV2_6-2024\" data-e-action-hash=\"#elementor-action%3Aaction%3Dlightbox%26settings%3DeyJpZCI6MTQ3NSwidXJsIjoiaHR0cHM6XC9cL3d3dy5hbmdrb3JncmlsbC5jYVwvd3AtY29udGVudFwvdXBsb2Fkc1wvMjAyNFwvMDdcL0FOR0tPUi1HUklMTF9UVjJfNi0yMDI0LXNjYWxlZC5qcGciLCJzbGlkZXNob3ciOiJiNTk4ZmNlIn0%3D\" href='https:\/\/www.angkorgrill.ca\/wp-content\/uploads\/2024\/07\/ANGKOR-GRILL_TV2_6-2024-scaled.jpg'><img decoding=\"async\" width=\"2048\" height=\"1152\" src=\"https:\/\/www.angkorgrill.ca\/wp-content\/uploads\/2024\/07\/ANGKOR-GRILL_TV2_6-2024-2048x1152.jpg\" class=\"attachment-2048x2048 size-2048x2048\" alt=\"\" srcset=\"https:\/\/www.angkorgrill.ca\/wp-content\/uploads\/2024\/07\/ANGKOR-GRILL_TV2_6-2024-2048x1152.jpg 2048w, https:\/\/www.angkorgrill.ca\/wp-content\/uploads\/2024\/07\/ANGKOR-GRILL_TV2_6-2024-300x169.jpg 300w, https:\/\/www.angkorgrill.ca\/wp-content\/uploads\/2024\/07\/ANGKOR-GRILL_TV2_6-2024-1024x576.jpg 1024w, https:\/\/www.angkorgrill.ca\/wp-content\/uploads\/2024\/07\/ANGKOR-GRILL_TV2_6-2024-768x432.jpg 768w, https:\/\/www.angkorgrill.ca\/wp-content\/uploads\/2024\/07\/ANGKOR-GRILL_TV2_6-2024-1536x864.jpg 1536w\" sizes=\"(max-width: 2048px) 100vw, 2048px\" \/><\/a>\n\t\t\t<\/div><\/figure><figure class='gallery-item'>\n\t\t\t<div class='gallery-icon landscape'>\n\t\t\t\t<a data-elementor-open-lightbox=\"yes\" data-elementor-lightbox-slideshow=\"b598fce\" data-elementor-lightbox-title=\"ANGKOR-GRILL_TV3_6-2024\" data-e-action-hash=\"#elementor-action%3Aaction%3Dlightbox%26settings%3DeyJpZCI6MTQ3NiwidXJsIjoiaHR0cHM6XC9cL3d3dy5hbmdrb3JncmlsbC5jYVwvd3AtY29udGVudFwvdXBsb2Fkc1wvMjAyNFwvMDdcL0FOR0tPUi1HUklMTF9UVjNfNi0yMDI0LXNjYWxlZC5qcGciLCJzbGlkZXNob3ciOiJiNTk4ZmNlIn0%3D\" href='https:\/\/www.angkorgrill.ca\/wp-content\/uploads\/2024\/07\/ANGKOR-GRILL_TV3_6-2024-scaled.jpg'><img decoding=\"async\" width=\"2048\" height=\"1152\" src=\"https:\/\/www.angkorgrill.ca\/wp-content\/uploads\/2024\/07\/ANGKOR-GRILL_TV3_6-2024-2048x1152.jpg\" class=\"attachment-2048x2048 size-2048x2048\" alt=\"\" srcset=\"https:\/\/www.angkorgrill.ca\/wp-content\/uploads\/2024\/07\/ANGKOR-GRILL_TV3_6-2024-2048x1152.jpg 2048w, https:\/\/www.angkorgrill.ca\/wp-content\/uploads\/2024\/07\/ANGKOR-GRILL_TV3_6-2024-300x169.jpg 300w, https:\/\/www.angkorgrill.ca\/wp-content\/uploads\/2024\/07\/ANGKOR-GRILL_TV3_6-2024-1024x576.jpg 1024w, https:\/\/www.angkorgrill.ca\/wp-content\/uploads\/2024\/07\/ANGKOR-GRILL_TV3_6-2024-768x432.jpg 768w, https:\/\/www.angkorgrill.ca\/wp-content\/uploads\/2024\/07\/ANGKOR-GRILL_TV3_6-2024-1536x864.jpg 1536w\" sizes=\"(max-width: 2048px) 100vw, 2048px\" \/><\/a>\n\t\t\t<\/div><\/figure><figure class='gallery-item'>\n\t\t\t<div class='gallery-icon landscape'>\n\t\t\t\t<a data-elementor-open-lightbox=\"yes\" data-elementor-lightbox-slideshow=\"b598fce\" data-elementor-lightbox-title=\"ANGKOR-GRILL_TV4_6-2024\" data-e-action-hash=\"#elementor-action%3Aaction%3Dlightbox%26settings%3DeyJpZCI6MTQ3NywidXJsIjoiaHR0cHM6XC9cL3d3dy5hbmdrb3JncmlsbC5jYVwvd3AtY29udGVudFwvdXBsb2Fkc1wvMjAyNFwvMDdcL0FOR0tPUi1HUklMTF9UVjRfNi0yMDI0LXNjYWxlZC5qcGciLCJzbGlkZXNob3ciOiJiNTk4ZmNlIn0%3D\" href='https:\/\/www.angkorgrill.ca\/wp-content\/uploads\/2024\/07\/ANGKOR-GRILL_TV4_6-2024-scaled.jpg'><img loading=\"lazy\" decoding=\"async\" width=\"2048\" height=\"1152\" src=\"https:\/\/www.angkorgrill.ca\/wp-content\/uploads\/2024\/07\/ANGKOR-GRILL_TV4_6-2024-2048x1152.jpg\" class=\"attachment-2048x2048 size-2048x2048\" alt=\"\" srcset=\"https:\/\/www.angkorgrill.ca\/wp-content\/uploads\/2024\/07\/ANGKOR-GRILL_TV4_6-2024-2048x1152.jpg 2048w, https:\/\/www.angkorgrill.ca\/wp-content\/uploads\/2024\/07\/ANGKOR-GRILL_TV4_6-2024-300x169.jpg 300w, https:\/\/www.angkorgrill.ca\/wp-content\/uploads\/2024\/07\/ANGKOR-GRILL_TV4_6-2024-1024x576.jpg 1024w, https:\/\/www.angkorgrill.ca\/wp-content\/uploads\/2024\/07\/ANGKOR-GRILL_TV4_6-2024-768x432.jpg 768w, https:\/\/www.angkorgrill.ca\/wp-content\/uploads\/2024\/07\/ANGKOR-GRILL_TV4_6-2024-1536x864.jpg 1536w\" sizes=\"(max-width: 2048px) 100vw, 2048px\" \/><\/a>\n\t\t\t<\/div><\/figure>\n\t\t<\/div>\n\t\t<\/div>\n\t\t\t\t\t\t<\/div>\n\t\t\t\t<\/div>\n\t\t\t\t\t<\/div>\n\t\t<\/div>\n\t\t\t\t\t<\/div>\n\t\t<\/section>\n\t\t\t\t<section class=\"elementor-section elementor-top-section elementor-element elementor-element-7ac0101 elementor-section-boxed elementor-section-height-default elementor-section-height-default\" data-id=\"7ac0101\" data-element_type=\"section\" data-settings=\"{&quot;background_background&quot;:&quot;classic&quot;}\">\n\t\t\t\t\t\t<div class=\"elementor-container elementor-column-gap-default\">\n\t\t\t\t\t<div class=\"elementor-column elementor-col-50 elementor-top-column elementor-element elementor-element-49550ba\" data-id=\"49550ba\" data-element_type=\"column\">\n\t\t\t<div class=\"elementor-widget-wrap elementor-element-populated\">\n\t\t\t\t\t\t<div class=\"elementor-element elementor-element-a7c9bf7 elementor-widget elementor-widget-heading\" data-id=\"a7c9bf7\" data-element_type=\"widget\" data-widget_type=\"heading.default\">\n\t\t\t\t<div class=\"elementor-widget-container\">\n\t\t\t\t\t<h2 class=\"elementor-heading-title elementor-size-default\">Bienvenue \u00e0<br><b>Angkor Grill<\/b><\/h2>\t\t\t\t<\/div>\n\t\t\t\t<\/div>\n\t\t\t\t<div class=\"elementor-element elementor-element-4e0a815 elementor-widget elementor-widget-heading\" data-id=\"4e0a815\" data-element_type=\"widget\" data-widget_type=\"heading.default\">\n\t\t\t\t<div class=\"elementor-widget-container\">\n\t\t\t\t\t<h1 class=\"elementor-heading-title elementor-size-default\">450-670-7888<\/h1>\t\t\t\t<\/div>\n\t\t\t\t<\/div>\n\t\t\t\t<div class=\"elementor-element elementor-element-d64191f elementor-widget elementor-widget-heading\" data-id=\"d64191f\" data-element_type=\"widget\" data-widget_type=\"heading.default\">\n\t\t\t\t<div class=\"elementor-widget-container\">\n\t\t\t\t\t<h2 class=\"elementor-heading-title elementor-size-default\">825 rue Saint-Laurent O<br>Longueuil, QC J4K 2V1<\/h2>\t\t\t\t<\/div>\n\t\t\t\t<\/div>\n\t\t\t\t\t<\/div>\n\t\t<\/div>\n\t\t\t\t<div class=\"elementor-column elementor-col-50 elementor-top-column elementor-element elementor-element-ebc869b\" data-id=\"ebc869b\" data-element_type=\"column\">\n\t\t\t<div class=\"elementor-widget-wrap elementor-element-populated\">\n\t\t\t\t\t\t<div class=\"elementor-element elementor-element-51bfadd elementor-widget elementor-widget-google_maps\" data-id=\"51bfadd\" data-element_type=\"widget\" data-widget_type=\"google_maps.default\">\n\t\t\t\t<div class=\"elementor-widget-container\">\n\t\t\t\t\t\t\t<div class=\"elementor-custom-embed\">\n\t\t\t<iframe loading=\"lazy\"\n\t\t\t\t\tsrc=\"https:\/\/maps.google.com\/maps?q=Angkor%20Grill%20825%20Rue%20Saint-Laurent%20O%2C%20Longueuil%2C%20QC%20J4K%202V1&#038;t=m&#038;z=16&#038;output=embed&#038;iwloc=near\"\n\t\t\t\t\ttitle=\"Angkor Grill 825 Rue Saint-Laurent O, Longueuil, QC J4K 2V1\"\n\t\t\t\t\taria-label=\"Angkor Grill 825 Rue Saint-Laurent O, Longueuil, QC J4K 2V1\"\n\t\t\t><\/iframe>\n\t\t<\/div>\n\t\t\t\t\t\t<\/div>\n\t\t\t\t<\/div>\n\t\t\t\t\t<\/div>\n\t\t<\/div>\n\t\t\t\t\t<\/div>\n\t\t<\/section>\n\t\t\t\t<section class=\"elementor-section elementor-top-section elementor-element elementor-element-9eee0a3 elementor-section-boxed elementor-section-height-default elementor-section-height-default\" data-id=\"9eee0a3\" data-element_type=\"section\" data-settings=\"{&quot;background_background&quot;:&quot;classic&quot;}\">\n\t\t\t\t\t\t<div class=\"elementor-container elementor-column-gap-default\">\n\t\t\t\t\t<div class=\"elementor-column elementor-col-100 elementor-top-column elementor-element elementor-element-6254c82\" data-id=\"6254c82\" data-element_type=\"column\">\n\t\t\t<div class=\"elementor-widget-wrap elementor-element-populated\">\n\t\t\t\t\t\t<div class=\"elementor-element elementor-element-047757c elementor-arrows-position-inside elementor-pagination-position-outside elementor-widget elementor-widget-image-carousel\" data-id=\"047757c\" data-element_type=\"widget\" data-settings=\"{&quot;navigation&quot;:&quot;both&quot;,&quot;autoplay&quot;:&quot;yes&quot;,&quot;pause_on_hover&quot;:&quot;yes&quot;,&quot;pause_on_interaction&quot;:&quot;yes&quot;,&quot;autoplay_speed&quot;:5000,&quot;infinite&quot;:&quot;yes&quot;,&quot;speed&quot;:500}\" data-widget_type=\"image-carousel.default\">\n\t\t\t\t<div class=\"elementor-widget-container\">\n\t\t\t\t\t\t\t<div class=\"elementor-image-carousel-wrapper swiper\" role=\"region\" aria-roledescription=\"carousel\" aria-label=\"Image Carousel\" dir=\"ltr\">\n\t\t\t<div class=\"elementor-image-carousel swiper-wrapper swiper-image-stretch\" aria-live=\"off\">\n\t\t\t\t\t\t\t\t<div class=\"swiper-slide\" role=\"group\" aria-roledescription=\"slide\" aria-label=\"1 of 21\"><figure class=\"swiper-slide-inner\"><img decoding=\"async\" class=\"swiper-slide-image\" src=\"https:\/\/www.angkorgrill.ca\/wp-content\/uploads\/2022\/08\/s3-1-1.gif\" alt=\"s3-1\" \/><\/figure><\/div><div class=\"swiper-slide\" role=\"group\" aria-roledescription=\"slide\" aria-label=\"2 of 21\"><figure class=\"swiper-slide-inner\"><img decoding=\"async\" class=\"swiper-slide-image\" src=\"https:\/\/www.angkorgrill.ca\/wp-content\/uploads\/2022\/08\/S2_NEW-2.gif\" alt=\"_S2_NEW\" \/><\/figure><\/div><div class=\"swiper-slide\" role=\"group\" aria-roledescription=\"slide\" aria-label=\"3 of 21\"><figure class=\"swiper-slide-inner\"><img decoding=\"async\" class=\"swiper-slide-image\" src=\"https:\/\/www.angkorgrill.ca\/wp-content\/uploads\/2022\/08\/s1-1-1.gif\" alt=\"s1-1\" \/><\/figure><\/div><div class=\"swiper-slide\" role=\"group\" aria-roledescription=\"slide\" aria-label=\"4 of 21\"><figure class=\"swiper-slide-inner\"><img decoding=\"async\" class=\"swiper-slide-image\" src=\"https:\/\/www.angkorgrill.ca\/wp-content\/uploads\/2022\/08\/19-2.gif\" alt=\"#19\" \/><\/figure><\/div><div class=\"swiper-slide\" role=\"group\" aria-roledescription=\"slide\" aria-label=\"5 of 21\"><figure class=\"swiper-slide-inner\"><img decoding=\"async\" class=\"swiper-slide-image\" src=\"https:\/\/www.angkorgrill.ca\/wp-content\/uploads\/2022\/08\/19-1-1.gif\" alt=\"19-1\" \/><\/figure><\/div><div class=\"swiper-slide\" role=\"group\" aria-roledescription=\"slide\" aria-label=\"6 of 21\"><figure class=\"swiper-slide-inner\"><img decoding=\"async\" class=\"swiper-slide-image\" src=\"https:\/\/www.angkorgrill.ca\/wp-content\/uploads\/2022\/08\/17-1.gif\" alt=\"#17\" \/><\/figure><\/div><div class=\"swiper-slide\" role=\"group\" aria-roledescription=\"slide\" aria-label=\"7 of 21\"><figure class=\"swiper-slide-inner\"><img decoding=\"async\" class=\"swiper-slide-image\" src=\"https:\/\/www.angkorgrill.ca\/wp-content\/uploads\/2022\/08\/14NEW-1.gif\" alt=\"_14NEW\" \/><\/figure><\/div><div class=\"swiper-slide\" role=\"group\" aria-roledescription=\"slide\" aria-label=\"8 of 21\"><figure class=\"swiper-slide-inner\"><img decoding=\"async\" class=\"swiper-slide-image\" src=\"https:\/\/www.angkorgrill.ca\/wp-content\/uploads\/2022\/08\/16_NEW-1.gif\" alt=\"_16_NEW\" \/><\/figure><\/div><div class=\"swiper-slide\" role=\"group\" aria-roledescription=\"slide\" aria-label=\"9 of 21\"><figure class=\"swiper-slide-inner\"><img decoding=\"async\" class=\"swiper-slide-image\" src=\"https:\/\/www.angkorgrill.ca\/wp-content\/uploads\/2022\/08\/13_NEW-1.gif\" alt=\"_13_NEW\" \/><\/figure><\/div><div class=\"swiper-slide\" role=\"group\" aria-roledescription=\"slide\" aria-label=\"10 of 21\"><figure class=\"swiper-slide-inner\"><img decoding=\"async\" class=\"swiper-slide-image\" src=\"https:\/\/www.angkorgrill.ca\/wp-content\/uploads\/2022\/08\/12_NEW-1.gif\" alt=\"_12_NEW\" \/><\/figure><\/div><div class=\"swiper-slide\" role=\"group\" aria-roledescription=\"slide\" aria-label=\"11 of 21\"><figure class=\"swiper-slide-inner\"><img decoding=\"async\" class=\"swiper-slide-image\" src=\"https:\/\/www.angkorgrill.ca\/wp-content\/uploads\/2022\/08\/10_NEW-1.gif\" alt=\"_10_NEW\" \/><\/figure><\/div><div class=\"swiper-slide\" role=\"group\" aria-roledescription=\"slide\" aria-label=\"12 of 21\"><figure class=\"swiper-slide-inner\"><img decoding=\"async\" class=\"swiper-slide-image\" src=\"https:\/\/www.angkorgrill.ca\/wp-content\/uploads\/2022\/08\/9-2.gif\" alt=\"#9\" \/><\/figure><\/div><div class=\"swiper-slide\" role=\"group\" aria-roledescription=\"slide\" aria-label=\"13 of 21\"><figure class=\"swiper-slide-inner\"><img decoding=\"async\" class=\"swiper-slide-image\" src=\"https:\/\/www.angkorgrill.ca\/wp-content\/uploads\/2022\/08\/8-2-2.gif\" alt=\"8-2\" \/><\/figure><\/div><div class=\"swiper-slide\" role=\"group\" aria-roledescription=\"slide\" aria-label=\"14 of 21\"><figure class=\"swiper-slide-inner\"><img decoding=\"async\" class=\"swiper-slide-image\" src=\"https:\/\/www.angkorgrill.ca\/wp-content\/uploads\/2022\/08\/6-1-2.gif\" alt=\"6-1\" \/><\/figure><\/div><div class=\"swiper-slide\" role=\"group\" aria-roledescription=\"slide\" aria-label=\"15 of 21\"><figure class=\"swiper-slide-inner\"><img decoding=\"async\" class=\"swiper-slide-image\" src=\"https:\/\/www.angkorgrill.ca\/wp-content\/uploads\/2022\/08\/4-1-2.gif\" alt=\"4-1\" \/><\/figure><\/div><div class=\"swiper-slide\" role=\"group\" aria-roledescription=\"slide\" aria-label=\"16 of 21\"><figure class=\"swiper-slide-inner\"><img decoding=\"async\" class=\"swiper-slide-image\" src=\"https:\/\/www.angkorgrill.ca\/wp-content\/uploads\/2022\/08\/2-2-2.gif\" alt=\"#2-2\" \/><\/figure><\/div><div class=\"swiper-slide\" role=\"group\" aria-roledescription=\"slide\" aria-label=\"17 of 21\"><figure class=\"swiper-slide-inner\"><img decoding=\"async\" class=\"swiper-slide-image\" src=\"https:\/\/www.angkorgrill.ca\/wp-content\/uploads\/2022\/08\/New-1-2.gif\" alt=\"New-1\" \/><\/figure><\/div><div class=\"swiper-slide\" role=\"group\" aria-roledescription=\"slide\" aria-label=\"18 of 21\"><figure class=\"swiper-slide-inner\"><img decoding=\"async\" class=\"swiper-slide-image\" src=\"https:\/\/www.angkorgrill.ca\/wp-content\/uploads\/2022\/08\/LOTUSFLOWER-COOKIE-2.gif\" alt=\"\" \/><\/figure><\/div><div class=\"swiper-slide\" role=\"group\" aria-roledescription=\"slide\" aria-label=\"19 of 21\"><figure class=\"swiper-slide-inner\"><img decoding=\"async\" class=\"swiper-slide-image\" src=\"https:\/\/www.angkorgrill.ca\/wp-content\/uploads\/2022\/08\/calmar-1-2.gif\" alt=\"calmar-1\" \/><\/figure><\/div><div class=\"swiper-slide\" role=\"group\" aria-roledescription=\"slide\" aria-label=\"20 of 21\"><figure class=\"swiper-slide-inner\"><img decoding=\"async\" class=\"swiper-slide-image\" src=\"https:\/\/www.angkorgrill.ca\/wp-content\/uploads\/2022\/08\/wonton-2.gif\" alt=\"wonton\" \/><\/figure><\/div><div class=\"swiper-slide\" role=\"group\" aria-roledescription=\"slide\" aria-label=\"21 of 21\"><figure class=\"swiper-slide-inner\"><img decoding=\"async\" class=\"swiper-slide-image\" src=\"https:\/\/www.angkorgrill.ca\/wp-content\/uploads\/2022\/08\/R1-2.gif\" alt=\"#R1\" \/><\/figure><\/div>\t\t\t<\/div>\n\t\t\t\t\t\t\t\t\t\t\t\t<div class=\"elementor-swiper-button elementor-swiper-button-prev\" role=\"button\" tabindex=\"0\">\n\t\t\t\t\t\t<i aria-hidden=\"true\" class=\"eicon-chevron-left\"><\/i>\t\t\t\t\t<\/div>\n\t\t\t\t\t<div class=\"elementor-swiper-button elementor-swiper-button-next\" role=\"button\" tabindex=\"0\">\n\t\t\t\t\t\t<i aria-hidden=\"true\" class=\"eicon-chevron-right\"><\/i>\t\t\t\t\t<\/div>\n\t\t\t\t\n\t\t\t\t\t\t\t\t\t<div class=\"swiper-pagination\"><\/div>\n\t\t\t\t\t\t\t\t\t<\/div>\n\t\t\t\t\t\t<\/div>\n\t\t\t\t<\/div>\n\t\t\t\t\t<\/div>\n\t\t<\/div>\n\t\t\t\t\t<\/div>\n\t\t<\/section>\n\t\t\t\t<\/div>\n\t\t","protected":false},"excerpt":{"rendered":"<p>SP\u00c9CIALIT\u00c9 CUISINECAMBODGIENNEET THA\u00cfLANDAISE Venez d\u00e9guster des repas de haute qualit\u00e9 pr\u00e9par\u00e9s sur commande Toujours bon toujours frais Bienvenue \u00e0Angkor Grill 450-670-7888 825 rue Saint-Laurent OLongueuil, QC J4K 2V1 Previous image Next image<\/p>\n","protected":false},"author":1,"featured_media":0,"parent":0,"menu_order":0,"comment_status":"closed","ping_status":"closed","template":"","meta":{"site-sidebar-layout":"no-sidebar","site-content-layout":"page-builder","ast-site-content-layout":"default","site-content-style":"default","site-sidebar-style":"default","ast-global-header-display":"","ast-banner-title-visibility":"","ast-main-header-display":"","ast-hfb-above-header-display":"","ast-hfb-below-header-display":"","ast-hfb-mobile-header-display":"","site-post-title":"disabled","ast-breadcrumbs-content":"","ast-featured-img":"disabled","footer-sml-layout":"","theme-transparent-header-meta":"enabled","adv-header-id-meta":"","stick-header-meta":"","header-above-stick-meta":"","header-main-stick-meta":"","header-below-stick-meta":"","astra-migrate-meta-layouts":"default","ast-page-background-enabled":"default","ast-page-background-meta":{"desktop":{"background-color":"var(--ast-global-color-4)","background-image":"","background-repeat":"repeat","background-position":"center center","background-size":"auto","background-attachment":"scroll","background-type":"","background-media":"","overlay-type":"","overlay-color":"","overlay-opacity":"","overlay-gradient":""},"tablet":{"background-color":"","background-image":"","background-repeat":"repeat","background-position":"center center","background-size":"auto","background-attachment":"scroll","background-type":"","background-media":"","overlay-type":"","overlay-color":"","overlay-opacity":"","overlay-gradient":""},"mobile":{"background-color":"","background-image":"","background-repeat":"repeat","background-position":"center center","background-size":"auto","background-attachment":"scroll","background-type":"","background-media":"","overlay-type":"","overlay-color":"","overlay-opacity":"","overlay-gradient":""}},"ast-content-background-meta":{"desktop":{"background-color":"var(--ast-global-color-5)","background-image":"","background-repeat":"repeat","background-position":"center center","background-size":"auto","background-attachment":"scroll","background-type":"","background-media":"","overlay-type":"","overlay-color":"","overlay-opacity":"","overlay-gradient":""},"tablet":{"background-color":"var(--ast-global-color-5)","background-image":"","background-repeat":"repeat","background-position":"center center","background-size":"auto","background-attachment":"scroll","background-type":"","background-media":"","overlay-type":"","overlay-color":"","overlay-opacity":"","overlay-gradient":""},"mobile":{"background-color":"var(--ast-global-color-5)","background-image":"","background-repeat":"repeat","background-position":"center center","background-size":"auto","background-attachment":"scroll","background-type":"","background-media":"","overlay-type":"","overlay-color":"","overlay-opacity":"","overlay-gradient":""}},"footnotes":""},"class_list":["post-1318","page","type-page","status-publish","hentry"],"_links":{"self":[{"href":"https:\/\/www.angkorgrill.ca\/index.php?rest_route=\/wp\/v2\/pages\/1318"}],"collection":[{"href":"https:\/\/www.angkorgrill.ca\/index.php?rest_route=\/wp\/v2\/pages"}],"about":[{"href":"https:\/\/www.angkorgrill.ca\/index.php?rest_route=\/wp\/v2\/types\/page"}],"author":[{"embeddable":true,"href":"https:\/\/www.angkorgrill.ca\/index.php?rest_route=\/wp\/v2\/users\/1"}],"replies":[{"embeddable":true,"href":"https:\/\/www.angkorgrill.ca\/index.php?rest_route=%2Fwp%2Fv2%2Fcomments&post=1318"}],"version-history":[{"count":52,"href":"https:\/\/www.angkorgrill.ca\/index.php?rest_route=\/wp\/v2\/pages\/1318\/revisions"}],"predecessor-version":[{"id":1486,"href":"https:\/\/www.angkorgrill.ca\/index.php?rest_route=\/wp\/v2\/pages\/1318\/revisions\/1486"}],"wp:attachment":[{"href":"https:\/\/www.angkorgrill.ca\/index.php?rest_route=%2Fwp%2Fv2%2Fmedia&parent=1318"}],"curies":[{"name":"wp","href":"https:\/\/api.w.org\/{rel}","templated":true}]}}